{"id":10130,"date":"2020-07-08T22:06:45","date_gmt":"2020-07-08T20:06:45","guid":{"rendered":"https:\/\/www.epicerie-lasource.org\/magasin\/?post_type=product&#038;p=10130"},"modified":"2026-04-15T11:31:44","modified_gmt":"2026-04-15T09:31:44","slug":"percarbonate-de-soude-1kg","status":"publish","type":"product","link":"https:\/\/www.epicerie-lasource.org\/magasin\/produit\/percarbonate-de-soude-1kg\/","title":{"rendered":"Percarbonate de soude (1Kg)"},"content":{"rendered":"","protected":false},"excerpt":{"rendered":"<p>Le percarbonate est id\u00e9al pour pr\u00e9server de fa\u00e7on naturelle la blancheur de votre linge m\u00eame apr\u00e8s de nombreux lavages, car il \u00e9vite la grisaille due au calcaire.<\/p>\n<p>Information r\u00e9glementaire : Dangereux \u2013 Respecter les pr\u00e9cautions d\u2019emploi.<\/p>\n<p>1 Kg<\/p>\n<p>&nbsp;<\/p>\n<p>&nbsp;<\/p>\n","protected":false},"featured_media":24961,"comment_status":"closed","ping_status":"closed","template":"","meta":[],"product_cat":[324],"product_tag":[],"supplier_id":24929,"supplier_sku":"","atum_controlled":true,"out_stock_date":null,"out_stock_threshold":null,"inheritable":false,"inbound_stock":0,"stock_on_hold":0,"sold_today":0,"sales_last_days":0,"out_stock_days":0,"lost_sales":0,"has_location":false,"update_date":"2026-04-18T22:14:49","atum_locations":[],"atum_stock_status":"instock","restock_status":false,"low_stock_amount":2,"sales_update_date":"2026-04-18T22:14:49","calc_backorders":0,"_links":{"self":[{"href":"https:\/\/www.epicerie-lasource.org\/magasin\/wp-json\/wp\/v2\/product\/10130"}],"collection":[{"href":"https:\/\/www.epicerie-lasource.org\/magasin\/wp-json\/wp\/v2\/product"}],"about":[{"href":"https:\/\/www.epicerie-lasource.org\/magasin\/wp-json\/wp\/v2\/types\/product"}],"replies":[{"embeddable":true,"href":"https:\/\/www.epicerie-lasource.org\/magasin\/wp-json\/wp\/v2\/comments?post=10130"}],"wp:featuredmedia":[{"embeddable":true,"href":"https:\/\/www.epicerie-lasource.org\/magasin\/wp-json\/wp\/v2\/media\/24961"}],"wp:attachment":[{"href":"https:\/\/www.epicerie-lasource.org\/magasin\/wp-json\/wp\/v2\/media?parent=10130"}],"wp:term":[{"taxonomy":"product_cat","embeddable":true,"href":"https:\/\/www.epicerie-lasource.org\/magasin\/wp-json\/wp\/v2\/product_cat?post=10130"},{"taxonomy":"product_tag","embeddable":true,"href":"https:\/\/www.epicerie-lasource.org\/magasin\/wp-json\/wp\/v2\/product_tag?post=10130"}],"curies":[{"name":"wp","href":"https:\/\/api.w.org\/{rel}","templated":true}]}}