{"id":9,"date":"2019-10-03T16:28:22","date_gmt":"2019-10-03T14:28:22","guid":{"rendered":"https:\/\/www.epicerie-lasource.org\/magasin\/mon-compte\/"},"modified":"2021-05-11T22:16:00","modified_gmt":"2021-05-11T20:16:00","slug":"mon-compte","status":"publish","type":"page","link":"https:\/\/www.epicerie-lasource.org\/magasin\/mon-compte\/","title":{"rendered":"Mon compte"},"content":{"rendered":"<p>Si vous n&rsquo;\u00eates pas encore inscrit, vous pouvez le faire dans la colonne de droite \u00ab\u00a0<strong>S&rsquo;enregistrer<\/strong>\u00a0\u00bb &#8211;<br \/>\nVous recevrez un email automatiquement apr\u00e9s votre inscription avec les moyens de paiement de votre adh\u00e9sion etc.<br \/>\nSi vous \u00eates d\u00e9j\u00e0 inscrit et membre de <em>La Source<\/em>, Utilisez la colonne de Gauche \u00ab\u00a0<strong>Connexion<\/strong>\u00a0\u00bb<br \/>\nSi vous rencontrez des difficult\u00e9s pour vous inscrire, vous pouvez passer au local : 7 rue de l&rsquo;Abb\u00e9 Choquet, a Dunkerque (Basse Ville). Nous le ferons ensemble autour d&rsquo;un caf\u00e9 ou un th\u00e9.<\/p>\n<div class=\"woocommerce\"><\/div>\n","protected":false},"excerpt":{"rendered":"<p>Si vous n&rsquo;\u00eates pas encore inscrit, vous pouvez le faire dans la colonne de droite \u00ab\u00a0S&rsquo;enregistrer\u00a0\u00bb &#8211; Vous recevrez un&#8230;<\/p>\n","protected":false},"author":1,"featured_media":0,"parent":0,"menu_order":0,"comment_status":"closed","ping_status":"closed","template":"","meta":{"footnotes":""},"_links":{"self":[{"href":"https:\/\/www.epicerie-lasource.org\/magasin\/wp-json\/wp\/v2\/pages\/9"}],"collection":[{"href":"https:\/\/www.epicerie-lasource.org\/magasin\/wp-json\/wp\/v2\/pages"}],"about":[{"href":"https:\/\/www.epicerie-lasource.org\/magasin\/wp-json\/wp\/v2\/types\/page"}],"author":[{"embeddable":true,"href":"https:\/\/www.epicerie-lasource.org\/magasin\/wp-json\/wp\/v2\/users\/1"}],"replies":[{"embeddable":true,"href":"https:\/\/www.epicerie-lasource.org\/magasin\/wp-json\/wp\/v2\/comments?post=9"}],"version-history":[{"count":12,"href":"https:\/\/www.epicerie-lasource.org\/magasin\/wp-json\/wp\/v2\/pages\/9\/revisions"}],"predecessor-version":[{"id":17335,"href":"https:\/\/www.epicerie-lasource.org\/magasin\/wp-json\/wp\/v2\/pages\/9\/revisions\/17335"}],"wp:attachment":[{"href":"https:\/\/www.epicerie-lasource.org\/magasin\/wp-json\/wp\/v2\/media?parent=9"}],"curies":[{"name":"wp","href":"https:\/\/api.w.org\/{rel}","templated":true}]}}