{"id":820,"date":"2019-10-06T23:18:22","date_gmt":"2019-10-06T21:18:22","guid":{"rendered":"https:\/\/www.epicerie-lasource.org\/magasin\/evenements\/"},"modified":"2025-09-18T11:18:01","modified_gmt":"2025-09-18T09:18:01","slug":"planning-participation","status":"publish","type":"page","link":"https:\/\/www.epicerie-lasource.org\/magasin\/planning-participation\/","title":{"rendered":"Planning de participation"},"content":{"rendered":"<h3 style=\"text-align: center;\">Inscrivez-vous dans le calendrier des participations 3h par mois dans votre \u00e9picerie coop\u00e9rative et participative.<\/h3>\n<p>Choisissez votre jour de la semaine et votre cr\u00e9neau, et essayez de garder le m\u00eame jour pour les mois suivants (il sera toujours possible d&rsquo;\u00e9changer dans quelques mois avec un autre adh\u00e9rent et cr\u00e9neau). <span style=\"color: #0000ff;\"><a style=\"color: #0000ff;\" href=\"https:\/\/www.epicerie-lasource.org\/magasin\/evenements\/mes-participations\/\">Vos participations enregistr\u00e9es sont ici.<\/a><br \/>\n<\/span><\/p>\n\t\t<div class=\"wpfc-calendar-wrapper\"><form class=\"wpfc-calendar\" id=\"wpfc-calendar-687\"><\/form><div class=\"wpfc-loading\"><\/div><\/div>\r\n\t\t<div class=\"wpfc-calendar-search\" style=\"display:none;\">\r\n\t\t\t<select  name='event-categories' id='event-categories' class='wpfc-taxonomy event-categories'>\n\t<option value='0' selected='selected'>Toutes les cat\u00e9gories<\/option>\n<option class=\"level-0\" value=\"133\">#f7b927 - Permanence &amp; Accueil 14-17h<\/option><option class=\"level-0\" value=\"135\">#dd9933 - Pr\u00e9paration de Commandes<\/option><option class=\"level-0\" value=\"316\">#b3b7ef - Permanence &amp; Accueil 15-18h<\/option><option class=\"level-0\" value=\"319\">#dd6666 - Pr\u00e9paration Vrac et Produits Secs<\/option><option class=\"level-0\" value=\"322\">#0974ef - Distribution frais 14\/17h<\/option><option class=\"level-0\" value=\"323\">#ebf274 - Distribution frais 16\/19h<\/option><option class=\"level-0\" value=\"461\">#FFFFFF - M\u00e9nage<\/option><option class=\"level-0\" value=\"462\">#FFFFFF - Atelier<\/option><option class=\"level-0\" value=\"463\">#a8d144 - Reception Livraisons &amp; Tourn\u00e9es<\/option><option class=\"level-0\" value=\"494\">#880ef9 - Caissier-e<\/option><option class=\"level-0\" value=\"495\">#e55b97 - Distribution Samedi matin<\/option><\/select>\n\t\t<\/div>\r\n\t\t<script type=\"text\/javascript\">\r\n\t\t\tWPFC.data = {\r\n\t\t\t\taction : 'WP_FullCalendar',\r\n\t\t\t\t'type' : 'event','month' : 4,'year' : 2026,\t\t\t };\r\n\t\t\tWPFC.month = 4;\r\n\t\t\tWPFC.year = 2026;\r\n\t\t<\/script>\r\n\t\t\n<p><iframe loading=\"lazy\" src=\"https:\/\/www.youtube.com\/embed\/Wyw4_1aOTos\" width=\"560\" height=\"315\" frameborder=\"0\" allowfullscreen=\"allowfullscreen\"><\/iframe>\u00a0 <a href=\"https:\/\/www.epicerie-lasource.org\/magasin\/wp-content\/uploads\/2019\/11\/invitation-reunion-2.jpg\"><img loading=\"lazy\" decoding=\"async\" class=\"alignright size-medium wp-image-17766\" src=\"https:\/\/www.epicerie-lasource.org\/magasin\/wp-content\/uploads\/2019\/11\/invitation-reunion-2-300x225.jpg\" alt=\"\" width=\"300\" height=\"225\" srcset=\"https:\/\/www.epicerie-lasource.org\/magasin\/wp-content\/uploads\/2019\/11\/invitation-reunion-2-300x225.jpg 300w, https:\/\/www.epicerie-lasource.org\/magasin\/wp-content\/uploads\/2019\/11\/invitation-reunion-2-768x576.jpg 768w, https:\/\/www.epicerie-lasource.org\/magasin\/wp-content\/uploads\/2019\/11\/invitation-reunion-2-600x450.jpg 600w, https:\/\/www.epicerie-lasource.org\/magasin\/wp-content\/uploads\/2019\/11\/invitation-reunion-2.jpg 1000w\" sizes=\"(max-width: 300px) 100vw, 300px\" \/><\/a><\/p>\n","protected":false},"excerpt":{"rendered":"<p>CONTENTS<\/p>\n","protected":false},"author":1,"featured_media":0,"parent":0,"menu_order":0,"comment_status":"closed","ping_status":"open","template":"","meta":{"footnotes":""},"_links":{"self":[{"href":"https:\/\/www.epicerie-lasource.org\/magasin\/wp-json\/wp\/v2\/pages\/820"}],"collection":[{"href":"https:\/\/www.epicerie-lasource.org\/magasin\/wp-json\/wp\/v2\/pages"}],"about":[{"href":"https:\/\/www.epicerie-lasource.org\/magasin\/wp-json\/wp\/v2\/types\/page"}],"author":[{"embeddable":true,"href":"https:\/\/www.epicerie-lasource.org\/magasin\/wp-json\/wp\/v2\/users\/1"}],"replies":[{"embeddable":true,"href":"https:\/\/www.epicerie-lasource.org\/magasin\/wp-json\/wp\/v2\/comments?post=820"}],"version-history":[{"count":30,"href":"https:\/\/www.epicerie-lasource.org\/magasin\/wp-json\/wp\/v2\/pages\/820\/revisions"}],"predecessor-version":[{"id":58249,"href":"https:\/\/www.epicerie-lasource.org\/magasin\/wp-json\/wp\/v2\/pages\/820\/revisions\/58249"}],"wp:attachment":[{"href":"https:\/\/www.epicerie-lasource.org\/magasin\/wp-json\/wp\/v2\/media?parent=820"}],"curies":[{"name":"wp","href":"https:\/\/api.w.org\/{rel}","templated":true}]}}