{"id":1163,"date":"2019-10-09T00:23:59","date_gmt":"2019-10-08T22:23:59","guid":{"rendered":"https:\/\/www.epicerie-lasource.org\/magasin\/?page_id=1163"},"modified":"2019-11-25T10:02:20","modified_gmt":"2019-11-25T09:02:20","slug":"reglement-interieur-2","status":"publish","type":"page","link":"https:\/\/www.epicerie-lasource.org\/magasin\/reglement-interieur-2\/","title":{"rendered":"R\u00e9glement Int\u00e9rieur"},"content":{"rendered":"<h2>Le R\u00e9glement Int\u00e9rieur de notre Association.<\/h2>\n<p>Vous pouvez t\u00e9l\u00e9charger le r\u00e9glement int\u00e9rieur en cliquant ici : <a href=\"https:\/\/www.epicerie-lasource.org\/magasin\/wp-content\/uploads\/2019\/10\/Reglement-Interieur-LaSource.docx\">Reglement-Interieur-LaSource<\/a><\/p>\n<p><strong>Votre adh\u00e9sion \u00e0 l&rsquo;association vaut acceptation de ce r\u00e9glement.! <\/strong><br \/>\n<strong>Merci\u00a0 de le lire, et d&rsquo;en parler au bureau ou lors de votre visite a l&rsquo;\u00e9picerie, si vous avez la moindre question.<\/strong><\/p>\n<h2><strong>1 \u2013 Adh\u00e9sion\u00a0: <\/strong><\/h2>\n<p>Crit\u00e8res d\u2019adh\u00e9sion\u00a0:<\/p>\n<p>L\u2019\u00e9picerie \u2018La Source\u2019 est ouverte \u00e0 toutes personnes d\u00e9sireuses de participer au d\u00e9veloppement de l\u2019association dans un souci de partage de nos valeurs inscrites dans les statuts de l\u2019association.<\/p>\n<p><strong>Pour adh\u00e9rer\u00a0:<\/strong> Je m\u2019inscris et cr\u00e9e mon compte en ligne depuis le site de l\u2019\u00e9picerie.<\/p>\n<ul>\n<li>Je lis les statuts et le r\u00e8glement int\u00e9rieur.<\/li>\n<li>Je r\u00e9ponds aux crit\u00e8res permettant une adh\u00e9sion \u00e0 l\u2019\u00e9picerie \u2018La Source\u2019, je peux m\u2019inscrire et proc\u00e9der aux actions de recharge de mon compte et de planification de mes cr\u00e9neaux de participation.<\/li>\n<li>L\u2019adh\u00e9sion est annuelle, afin de permettre une r\u00e9partition \u00e9quitable des cr\u00e9neaux de participation de chaque adh\u00e9rent sur une ann\u00e9e d\u2019exercice de fonctionnement.<\/li>\n<\/ul>\n<p><strong>Je charge mon compte\u00a0: <\/strong><\/p>\n<ul>\n<li>Je laisse toujours au moins 50\u20ac sur mon compte pour assurer la tr\u00e9sorerie de l\u2019association et permettre de payer les producteurs avant commande.<\/li>\n<li>Je fais un virement global du montant de l\u2019adh\u00e9sion + 50 \u20ac depuis mon compte bancaire sur le compte bancaire de \u2018La Source\u2019 dont l\u2019IBAN est :<br \/>\n<strong>FR80 2004 1010 0526 3766 6Y02 652<\/strong> et le BIC\/SWIFT : <strong>PSSTFRPPLIL<\/strong><br \/>\n<em>Titulaire du Compte &#8211; LA SOURCE SOLIDARIT\u00c9 ET CIRCUIT COURT<br \/>\nDomiciliation : LILLE CENTRE FINANCIER, 3 RUE PAUL DUEZ, 59900 LILLE CEDEX 9<\/em><\/li>\n<\/ul>\n<p><strong>Je paie mon adh\u00e9sion\u00a0: <\/strong><\/p>\n<p><em>Une adh\u00e9sion r\u00e9gl\u00e9e du 1<\/em><em>er <\/em><em>janvier au 31 ao\u00fbt est valable pour l\u2019ann\u00e9e civile en cours.<\/em><\/p>\n<p><em>Une adh\u00e9sion r\u00e9gl\u00e9e \u00e0 partir du 1<\/em><em>er <\/em><em>septembre est valable jusqu\u2019\u00e0 la fin de l\u2019ann\u00e9e civile suivante.<\/em><\/p>\n<p>Des rapprochements sont faits r\u00e9guli\u00e8rement entre les virements bancaires et les d\u00e9clarations de recharge par les membres du Conseil d\u2019Administration de l\u2019association.<br \/>\nLa v\u00e9rification du paiement de l\u2019adh\u00e9sion annuelle est ensuite faite en d\u00e9but d\u2019exercice.<\/p>\n<p><strong>Le paiement de l\u2019adh\u00e9sion annuelle vaut acceptation tacite du r\u00e8glement int\u00e9rieur.<\/strong><\/p>\n<p>Aucun remboursement de l\u2019adh\u00e9sion ne sera effectu\u00e9, y compris si un membre de l\u2019association souhaite la quitter en cours d\u2019ann\u00e9e.<\/p>\n<p>Dans une d\u00e9marche \u00e9cologique de <strong>r\u00e9duction des d\u00e9chets<\/strong>, je m\u2019engage \u00e0 faire le maximum pour utiliser des contenants r\u00e9utilisables, et\/ou recyclables et \u00e0 opter pour des produits en vrac ou avec le moins d\u2019emballage possible.<\/p>\n<p><strong>J<\/strong><strong> 1 bocal en verre m\u2019est offert avec mon adh\u00e9sion<\/strong>.<\/p>\n<p>D\u2019autres contenants (bocaux en verre, pochons en tissus\u2026.) seront en vente ou \u00e0 disposition \u00e0 l\u2019\u00e9picerie.<\/p>\n<h2><strong>2 \u2013 Participation\u00a0:<\/strong><\/h2>\n<p><strong>2.1 \u2013 Choix du Cr\u00e9neau\u00a0:<\/strong><\/p>\n<p>Je choisis sur le site de l\u2019\u00e9picerie (Bouton \u2018Mon planning\u2019) mon cr\u00e9neau de participation de 3 heures chaque mois (pour la famille) suivant le planning et mes possibilit\u00e9s. Ce cr\u00e9neau peut \u00eatre diff\u00e9rent chaque mois.<\/p>\n<p><strong>Je suis pleinement responsable de ma participation.<\/strong><\/p>\n<p>Je peux \u00e9changer ma participation \u00e0 l\u2019amiable avec un autre adh\u00e9rent que je remplacerai \u00e0 mon tour ult\u00e9rieurement.<\/p>\n<p>Je peux donner des heures de participation \u00e0 un adh\u00e9rent qui ne parvient pas \u00e0 r\u00e9aliser les siennes.<\/p>\n<p>L\u2019obligation de participation peut \u00eatre suspendue de mani\u00e8re d\u00e9rogatoire et\/ou provisoire pour des raisons de sant\u00e9. La participation de 3h est facultative \u00e0 partir de 70 ans.<\/p>\n<p>Une priorit\u00e9 de choix de cr\u00e9neau est attribu\u00e9e aux membres du CA pour assurer les t\u00e2ches de gestion.<\/p>\n<p>L\u2019absence de participation et de r\u00e9servation de cr\u00e9neau, sans r\u00e9gularisation de la part de l\u2019adh\u00e9rent sur le trimestre en cours, entraine automatiquement l\u2019impossibilit\u00e9 de commander \u00e0 l\u2019\u00e9picerie.<\/p>\n<p><em>Afin de permettre aux adh\u00e9rents ayant des disponibilit\u00e9s irr\u00e9guli\u00e8res de participer, le contr\u00f4le de la participation effective de chaque famille d\u2019adh\u00e9rents s\u2019effectue sur un trimestre complet, il est ainsi possible de prendre 1 mois le cr\u00e9neau d\u2019un adh\u00e9rent, et que celui-ci en effectue deux le mois suivant.<\/em><\/p>\n<p><strong>2.2 \u2013 Participation des membres de la famille \u2013 Responsabilit\u00e9\u00a0: <\/strong><\/p>\n<p>Un cr\u00e9neau de participation est familial et <strong>peut \u00eatre assur\u00e9 par l\u2019un ou l\u2019autre des membres de la famille. La participation des mineurs aux activit\u00e9s n\u2019est cependant autoris\u00e9e qu\u2019en pr\u00e9sence et sous la seule responsabilit\u00e9 de leurs parents.<\/strong> L\u2019adh\u00e9rent doit \u00eatre assur\u00e9 personnellement au titre de la <strong>responsabilit\u00e9 civile.<\/strong><\/p>\n<p><strong>\u00a0<\/strong><\/p>\n<p><strong>2.3 \u2013 T\u00e2ches et Activit\u00e9s\u00a0: <\/strong><\/p>\n<p>Je participe au choix, aux activit\u00e9s suivantes\u00a0:<\/p>\n<p><strong>2.3.1 \u2013 Epicerie <\/strong><\/p>\n<p>Lorsque je g\u00e8re l\u2019\u00e9picerie, je dois\u00a0:<\/p>\n<ul>\n<li>Mettre en service la tablette ou l\u2019ordinateur pour se connecter au site de l\u2019\u00e9picerie,<\/li>\n<li>Mettre en stock les arrivages dans les rayons et sur le site,<\/li>\n<li>Distribuer les commandes,<\/li>\n<li>Nettoyer le local<\/li>\n<\/ul>\n<p>Autres t\u00e2ches li\u00e9es \u00e0 l\u2019\u00e9picerie\u00a0:<\/p>\n<ul>\n<li>R\u00e9ceptionner des livraisons,<\/li>\n<li>Collecte des produits directement chez les producteurs qui ne livrent pas,<\/li>\n<li>R\u00e9alisation des t\u00e2ches de gestion,<\/li>\n<li>Faire l\u2019inventaire complet (mensuel)<\/li>\n<li>Etre \u2018Parrain\u2019 ou \u2018Marraine\u2019 aupr\u00e8s des personnes \u00e2g\u00e9es ou toute personne souhaitant un accompagnement dans son utilisation de l\u2019\u00e9picerie.<\/li>\n<li>J\u2019anime des ateliers,<\/li>\n<\/ul>\n<p>La liste des t\u00e2ches sera enrichie avec l\u2019ouverture d\u2019un local d\u00e9di\u00e9.<\/p>\n<p><strong>2.3.2 \u2013 Collecte des produits\u00a0: <\/strong><\/p>\n<p>Je m\u2019inscris au pr\u00e9alable sur le planning pour le cr\u00e9neau de collecte. La collecte est effectu\u00e9e avec mon v\u00e9hicule personnel. Il n\u2019y aura pas de remboursement de frais d\u2019essence ou de d\u00e9placement. Le d\u00e9tail de la tourn\u00e9e est disponible sur le site.<\/p>\n<p>La livraison et le d\u00e9ballage des colis \u00e0 l\u2019\u00e9picerie se fait sous le contr\u00f4le de l\u2019\u00e9picier afin de pouvoir valider et comptabiliser les arrivages, pendant les heures d\u2019ouverture ou pendant des cr\u00e9neaux pr\u00e9vus \u00e0 cet effet.<\/p>\n<p><strong>2.3.3 \u2013 Gestion de l\u2019association\u00a0: <\/strong><\/p>\n<p>L\u2019attribution des t\u00e2ches de gestion est du ressort du CA<\/p>\n<ul>\n<li>Gestion des adh\u00e9sions,<\/li>\n<li>Gestion de la communication,<\/li>\n<li>Gestion des ventes\u00a0: le groupe produits compos\u00e9 d\u2019adh\u00e9rents lui propose la cr\u00e9ation et la modification des produits (libell\u00e9, fournisseurs, prix, TVA, etc..)<\/li>\n<li>Gestion des commandes et des stocks\u00a0: suivi des inventaires et commande r\u00e9assort du stock pour les fournisseurs en commande manuelle,<\/li>\n<li>Gestion des tourn\u00e9es de collecte\u00a0: r\u00e9partition des tourn\u00e9es,<\/li>\n<li>Comptabilit\u00e9 des adh\u00e9rents,<\/li>\n<li>Paiement des factures,<\/li>\n<li>Comptabilit\u00e9 annuelle.<\/li>\n<\/ul>\n<p>Le site internet de l\u2019association est adoss\u00e9 \u00e0 une base de donn\u00e9es en respect de la loi n\u00b078-17 du 6 janvier 1978 relative \u00e0 l\u2019informatique, aux fichiers et aux libert\u00e9s, modifi\u00e9e par la loi n\u00b02004-801 du 6 ao\u00fbt 2004 et de la <strong>Dispense n\u00b08- D\u00e9lib\u00e9ration n\u00b02010-229 du 10 juin 2010 dispensant de d\u00e9claration les traitements automatis\u00e9s de donn\u00e9es \u00e0 caract\u00e8re personnel mis en \u0153uvre par des organismes \u00e0 but non lucratif abrogeant et rempla\u00e7ant la d\u00e9lib\u00e9ration n\u00b02006-130 du 9 mai 2006.<\/strong><\/p>\n<p>10 juin 2010 \u2013 Th\u00e8me(s)\u00a0: Association<br \/>\n<strong>JORF n\u00b00155 du 7 juillet 2010 page texte n\u00b076<\/strong><br \/>\n<a href=\"http:\/\/www.cnil.fr\/documentation\/deliberations\/deliberation\/delib\/106\/\">http:\/\/www.cnil.fr\/documentation\/deliberations\/deliberation\/delib\/106\/<\/a><\/p>\n<p><strong>2.3.4 \u2013 S\u00e9lection des produits\u00a0: <\/strong><\/p>\n<p>La s\u00e9lection des produits est revue par une commission, apr\u00e8s consultation des adh\u00e9rents au moins tous les 6 mois et propos\u00e9e pour validation au Conseil d\u2019Administration.<\/p>\n<p>Pour le choix des produits, une grille de d\u00e9cision bas\u00e9e sur 4 crit\u00e8res pourra \u00eatre utilis\u00e9e\u00a0:<\/p>\n<ol>\n<li>Qualit\u00e9 biologique<\/li>\n<li>Prix<\/li>\n<li>distance en Km du lieu de l\u2019\u00e9picerie<\/li>\n<li>nombre d\u2019interm\u00e9diaires<\/li>\n<\/ol>\n<p>A cela, s\u2019ajoute un crit\u00e8re annexe qui pourra permettre d\u2019affiner la d\u00e9cision\u00a0: il s\u2019agit de la qualit\u00e9 gustative.<\/p>\n<h2><strong>3 \u2013 Utilisation des services de l\u2019association\u00a0: <\/strong><\/h2>\n<p><strong>3.1 \u2013 \u00c9picerie <\/strong><\/p>\n<p>Je fais mes courses \u00e0 l\u2019\u00e9picerie\u00a0:<br \/>\nJe prends les produits pour lesquels j\u2019ai pass\u00e9 commande et\/ou je commande sur la tablette ou l\u2019ordinateur de l\u2019\u00e9picerie via le site internet. Je valide mon panier.<\/p>\n<p>Je paie avec mon compte adh\u00e9rent, avec d\u00e9bit sur mon compte pr\u00e9pay\u00e9.<\/p>\n<p>L\u2019\u00e9picier pr\u00e9sent valide la distribution de ma commande.<\/p>\n<p><strong>3.2 \u2013 Coin caf\u00e9\u00a0:<\/strong><\/p>\n<p>Avec l\u2019ouverture d\u2019un local d\u00e9di\u00e9, un coin caf\u00e9 et des animations seront propos\u00e9s.<\/p>\n<ul>\n<li>D\u00e9gustation de nouveaux produits,<\/li>\n<li>Rencontres avec des producteurs,<\/li>\n<li>Ateliers cuisine,<\/li>\n<li>Ateliers th\u00e9matiques,<\/li>\n<li>Repair Caf\u00e9 (r\u00e9paration d\u2019objets)<\/li>\n<\/ul>\n<p>Le coin caf\u00e9 est ouvert aux non-adh\u00e9rents qui accompagnent un adh\u00e9rent ou rejoignent un animateur-trice d\u2019atelier, pendant les heures d\u2019ouverture.<\/p>\n<p>Le caf\u00e9 et le th\u00e9 est \u00e0 disposition gratuitement pour les adh\u00e9rents.<\/p>\n<p><strong>3.3 \u2013 Animations\u00a0:<\/strong><\/p>\n<p>Aucune qualification n\u2019est requise, encadrement sur place par un animateur.<br \/>\nDate et information envoy\u00e9es \u00e0 tous les adh\u00e9rents par mail, sur les r\u00e9seaux sociaux parfois, et par voie d\u2019affichage dans l\u2019\u00e9picerie.<\/p>\n<h2><strong>4 \u2013 Modification du r\u00e8glement int\u00e9rieur\u00a0:<\/strong><\/h2>\n<p>Le Conseil d\u2019Administration se r\u00e9serve le droit de modifier le pr\u00e9sent r\u00e8glement int\u00e9rieur. A la suite de cela, il est dans l\u2019obligation d\u2019en informer tous les adh\u00e9rents.<\/p>\n<h2><strong>5 \u2013 D\u00e9mission ou Exclusion de l\u2019association\u00a0: <\/strong><\/h2>\n<p>Conform\u00e9ment aux statuts, l\u2019exclusion de l\u2019association peut \u00eatre demand\u00e9e en cas de motif grave, sur d\u00e9cision du CA, apr\u00e8s que l\u2019adh\u00e9rent ait \u00e9t\u00e9 entendu, ou pour non-paiement de la cotisation.<\/p>\n<p><strong>R\u00e8glement r\u00e9dig\u00e9 par le Conseil d\u2019Administration de l\u2019Association \u2018La Source\u2019 le 17 septembre 2019.<\/strong><\/p>\n","protected":false},"excerpt":{"rendered":"<p>Le R\u00e9glement Int\u00e9rieur de notre Association. Vous pouvez t\u00e9l\u00e9charger le r\u00e9glement int\u00e9rieur en cliquant ici : Reglement-Interieur-LaSource Votre adh\u00e9sion \u00e0&#8230;<\/p>\n","protected":false},"author":1,"featured_media":0,"parent":0,"menu_order":0,"comment_status":"closed","ping_status":"closed","template":"","meta":{"footnotes":""},"_links":{"self":[{"href":"https:\/\/www.epicerie-lasource.org\/magasin\/wp-json\/wp\/v2\/pages\/1163"}],"collection":[{"href":"https:\/\/www.epicerie-lasource.org\/magasin\/wp-json\/wp\/v2\/pages"}],"about":[{"href":"https:\/\/www.epicerie-lasource.org\/magasin\/wp-json\/wp\/v2\/types\/page"}],"author":[{"embeddable":true,"href":"https:\/\/www.epicerie-lasource.org\/magasin\/wp-json\/wp\/v2\/users\/1"}],"replies":[{"embeddable":true,"href":"https:\/\/www.epicerie-lasource.org\/magasin\/wp-json\/wp\/v2\/comments?post=1163"}],"version-history":[{"count":8,"href":"https:\/\/www.epicerie-lasource.org\/magasin\/wp-json\/wp\/v2\/pages\/1163\/revisions"}],"predecessor-version":[{"id":2311,"href":"https:\/\/www.epicerie-lasource.org\/magasin\/wp-json\/wp\/v2\/pages\/1163\/revisions\/2311"}],"wp:attachment":[{"href":"https:\/\/www.epicerie-lasource.org\/magasin\/wp-json\/wp\/v2\/media?parent=1163"}],"curies":[{"name":"wp","href":"https:\/\/api.w.org\/{rel}","templated":true}]}}